{"id":46,"date":"2026-03-14T20:44:16","date_gmt":"2026-03-14T19:44:16","guid":{"rendered":"https:\/\/www.kawalki.pl\/?post_type=product&#038;p=46"},"modified":"2026-05-08T16:54:43","modified_gmt":"2026-05-08T14:54:43","slug":"ogloszenie-premium","status":"publish","type":"product","link":"https:\/\/www.kawalki.pl\/?product=ogloszenie-premium","title":{"rendered":"Og\u0142oszenie Premium"},"content":{"rendered":"<p>Zamie\u015b\u0107 og\u0142oszenie przy pomocy p\u0142atno\u015bci Online &#8211; PayU !<\/p>\n","protected":false},"excerpt":{"rendered":"<p>Zamie\u015b\u0107 og\u0142oszenie przy pomocy p\u0142atno\u015bci Online &#8211; PayU !<\/p>\n","protected":false},"featured_media":60,"template":"","meta":[],"product_brand":[],"product_cat":[16],"product_tag":[],"class_list":{"0":"post-46","1":"product","2":"type-product","3":"status-publish","4":"has-post-thumbnail","6":"product_cat-bez-kategorii","8":"first","9":"instock","10":"sale","11":"virtual","12":"sold-individually","13":"purchasable","14":"product-type-simple"},"_links":{"self":[{"href":"https:\/\/www.kawalki.pl\/index.php?rest_route=\/wp\/v2\/product\/46","targetHints":{"allow":["GET"]}}],"collection":[{"href":"https:\/\/www.kawalki.pl\/index.php?rest_route=\/wp\/v2\/product"}],"about":[{"href":"https:\/\/www.kawalki.pl\/index.php?rest_route=\/wp\/v2\/types\/product"}],"wp:featuredmedia":[{"embeddable":true,"href":"https:\/\/www.kawalki.pl\/index.php?rest_route=\/wp\/v2\/media\/60"}],"wp:attachment":[{"href":"https:\/\/www.kawalki.pl\/index.php?rest_route=%2Fwp%2Fv2%2Fmedia&parent=46"}],"wp:term":[{"taxonomy":"product_brand","embeddable":true,"href":"https:\/\/www.kawalki.pl\/index.php?rest_route=%2Fwp%2Fv2%2Fproduct_brand&post=46"},{"taxonomy":"product_cat","embeddable":true,"href":"https:\/\/www.kawalki.pl\/index.php?rest_route=%2Fwp%2Fv2%2Fproduct_cat&post=46"},{"taxonomy":"product_tag","embeddable":true,"href":"https:\/\/www.kawalki.pl\/index.php?rest_route=%2Fwp%2Fv2%2Fproduct_tag&post=46"}],"curies":[{"name":"wp","href":"https:\/\/api.w.org\/{rel}","templated":true}]}}