{"id":14,"date":"2026-05-08T21:18:25","date_gmt":"2026-05-08T19:18:25","guid":{"rendered":"https:\/\/www.kawalki.pl\/?page_id=14"},"modified":"2026-05-12T21:30:40","modified_gmt":"2026-05-12T19:30:40","slug":"zwroty","status":"publish","type":"page","link":"https:\/\/www.kawalki.pl\/?page_id=14","title":{"rendered":"Polityka zwrot\u00f3w i reklamacji"},"content":{"rendered":"\n<p><strong>Firma Wo\u017aniak Sp z o.o.<\/strong><\/p>\n\n\n\n<p><strong>NIP : 734-352-36-52<\/strong><\/p>\n\n\n\n<p><strong>Adres : 33-326 Paszyn 615<\/strong><\/p>\n\n\n\n<p><\/p>\n\n\n\n<p><strong>Akceptujemy zwroty do 30dni.<\/strong><\/p>\n\n\n\n<ul class=\"wp-block-list\">\n<li>Zwrot nale\u017cy zg\u0142osi\u0107 na adres mailowy : firma.wozniak.ns@gmail.com<\/li>\n<\/ul>\n\n\n\n<ul class=\"wp-block-list\">\n<li>Czas rozpatrzenia wynosi od 3 dni do 7 dni.<\/li>\n\n\n\n<li>Prosimy o podanie numeru zam\u00f3wienia.<\/li>\n<\/ul>\n\n\n\n<p><strong>Reklamacja<\/strong><\/p>\n\n\n\n<ul class=\"wp-block-list\">\n<li>Kontakt w sprawie reklamacji : firma.wozniak.ns@gmail.com<\/li>\n\n\n\n<li>Czas rozpatrywania reklamacji od 3 do 7 dni.<\/li>\n\n\n\n<li>Prosimy poda\u0107 numer zam\u00f3wienia i opis reklamacji.<\/li>\n<\/ul>\n\n\n\n<p><strong>Uwaga!<\/strong> W przypadku wykorzystania dost\u0119pu elektronicznego dla wykupionego og\u0142oszenia, zwrot mo\u017ce by\u0107 cz\u0119\u015bciowy &#8211; cena\/dni .<\/p>\n\n\n\n<p><\/p>\n","protected":false},"excerpt":{"rendered":"<p>Firma Wo\u017aniak Sp z o.o. NIP : 734-352-36-52 Adres : 33-326 Paszyn 615 Akceptujemy zwroty do 30dni. Reklamacja Uwaga! W przypadku wykorzystania dost\u0119pu elektronicznego dla wykupionego og\u0142oszenia, zwrot mo\u017ce by\u0107 cz\u0119\u015bciowy &#8211; cena\/dni .<\/p>\n","protected":false},"author":1,"featured_media":0,"parent":0,"menu_order":0,"comment_status":"closed","ping_status":"closed","template":"","meta":{"footnotes":""},"class_list":["post-14","page","type-page","status-publish","hentry"],"_links":{"self":[{"href":"https:\/\/www.kawalki.pl\/index.php?rest_route=\/wp\/v2\/pages\/14","targetHints":{"allow":["GET"]}}],"collection":[{"href":"https:\/\/www.kawalki.pl\/index.php?rest_route=\/wp\/v2\/pages"}],"about":[{"href":"https:\/\/www.kawalki.pl\/index.php?rest_route=\/wp\/v2\/types\/page"}],"author":[{"embeddable":true,"href":"https:\/\/www.kawalki.pl\/index.php?rest_route=\/wp\/v2\/users\/1"}],"replies":[{"embeddable":true,"href":"https:\/\/www.kawalki.pl\/index.php?rest_route=%2Fwp%2Fv2%2Fcomments&post=14"}],"version-history":[{"count":2,"href":"https:\/\/www.kawalki.pl\/index.php?rest_route=\/wp\/v2\/pages\/14\/revisions"}],"predecessor-version":[{"id":126,"href":"https:\/\/www.kawalki.pl\/index.php?rest_route=\/wp\/v2\/pages\/14\/revisions\/126"}],"wp:attachment":[{"href":"https:\/\/www.kawalki.pl\/index.php?rest_route=%2Fwp%2Fv2%2Fmedia&parent=14"}],"curies":[{"name":"wp","href":"https:\/\/api.w.org\/{rel}","templated":true}]}}